{"id":11617,"date":"2022-05-04T14:17:51","date_gmt":"2022-05-04T12:17:51","guid":{"rendered":"https:\/\/www.idfuse.fr\/?page_id=11617"},"modified":"2022-05-04T15:25:33","modified_gmt":"2022-05-04T13:25:33","slug":"confirmation","status":"publish","type":"page","link":"https:\/\/www.idfuse.fr\/en\/confirmation\/","title":{"rendered":"Confirmation formulaire"},"content":{"rendered":"<p>[et_pb_section fb_built=&#8221;1&#8243; _builder_version=&#8221;4.16.1&#8243; height=&#8221;241px&#8221; max_height=&#8221;135px&#8221; custom_margin=&#8221;-1px||0px||false|false&#8221; custom_padding=&#8221;0px||5px||false|false&#8221; global_colors_info=&#8221;{}&#8221;][et_pb_row _builder_version=&#8221;4.16.1&#8243; _module_preset=&#8221;default&#8221; global_colors_info=&#8221;{}&#8221;][et_pb_column type=&#8221;4_4&#8243; _builder_version=&#8221;4.16.1&#8243; _module_preset=&#8221;default&#8221; global_colors_info=&#8221;{}&#8221;][et_pb_text _builder_version=&#8221;4.16.1&#8243; _module_preset=&#8221;default&#8221; global_colors_info=&#8221;{}&#8221;]<\/p>\n<h1 style=\"text-align: center;\">L&#8217;\u00e9quipe idFuse vous contactera prochainement<br \/>pour convenir d&#8217;un rendez-vous pour une d\u00e9mo gratuite<span style=\"color: #4dbcca;\"><\/span><\/h1>\n<p style=\"text-align: center;\"><span style=\"color: #4dbcca;\"><\/span><\/p>\n<p class=\"p1\" style=\"text-align: center;\">\n<p>[\/et_pb_text][\/et_pb_column][\/et_pb_row][et_pb_row _builder_version=&#8221;4.17.3&#8243; _module_preset=&#8221;default&#8221; global_colors_info=&#8221;{}&#8221;][et_pb_column type=&#8221;4_4&#8243; _builder_version=&#8221;4.17.3&#8243; _module_preset=&#8221;default&#8221; global_colors_info=&#8221;{}&#8221;][et_pb_image src=&#8221;https:\/\/www.idfuse.fr\/wp-content\/uploads\/2022\/05\/confirm.png&#8221; title_text=&#8221;confirm&#8221; align=&#8221;center&#8221; _builder_version=&#8221;4.17.3&#8243; _module_preset=&#8221;default&#8221; global_colors_info=&#8221;{}&#8221;][\/et_pb_image][\/et_pb_column][\/et_pb_row][\/et_pb_section][et_pb_section fb_built=&#8221;1&#8243; _builder_version=&#8221;4.16.1&#8243; _module_preset=&#8221;default&#8221; custom_margin=&#8221;0px||||false|false&#8221; custom_padding=&#8221;0px||||false|false&#8221; global_colors_info=&#8221;{}&#8221;][\/et_pb_section][et_pb_section fb_built=&#8221;1&#8243; _builder_version=&#8221;4.16&#8243; background_color=&#8221;rgba(237,238,240,0.32)&#8221; custom_padding=&#8221;7px|0px|17px|0px|false|false&#8221; global_colors_info=&#8221;{}&#8221;][\/et_pb_section][et_pb_section fb_built=&#8221;1&#8243; _builder_version=&#8221;3.22&#8243; custom_padding=&#8221;14px|0px|18px|0px|false|false&#8221; global_module=&#8221;2713&#8243; saved_tabs=&#8221;all&#8221; global_colors_info=&#8221;{}&#8221;][et_pb_row column_structure=&#8221;1_6,1_6,1_6,1_6,1_6,1_6&#8243; _builder_version=&#8221;4.16&#8243; custom_padding=&#8221;0|0px|0|0px|false|false&#8221; link_option_url=&#8221;https:\/\/www.idfuse.fr\/nos-engagements\/&#8221; global_colors_info=&#8221;{}&#8221;][et_pb_column type=&#8221;1_6&#8243; _builder_version=&#8221;4.16&#8243; custom_padding=&#8221;|||&#8221; global_colors_info=&#8221;{}&#8221; custom_padding__hover=&#8221;|||&#8221;][et_pb_image src=&#8221;https:\/\/www.idfuse.fr\/wp-content\/uploads\/2021\/03\/Picto-100-francais-1.png&#8221; title_text=&#8221;Picto-100%-francais&#8221; align=&#8221;center&#8221; force_fullwidth=&#8221;on&#8221; align_tablet=&#8221;center&#8221; align_phone=&#8221;&#8221; align_last_edited=&#8221;on|desktop&#8221; _builder_version=&#8221;4.16&#8243; global_colors_info=&#8221;{}&#8221;][\/et_pb_image][\/et_pb_column][et_pb_column type=&#8221;1_6&#8243; _builder_version=&#8221;4.16&#8243; custom_padding=&#8221;|||&#8221; global_colors_info=&#8221;{}&#8221; custom_padding__hover=&#8221;|||&#8221;][et_pb_image src=&#8221;https:\/\/www.idfuse.fr\/wp-content\/uploads\/2022\/03\/Picto-Plus-de-19ans.png&#8221; title_text=&#8221;Picto-Plus-de-19ans&#8221; align=&#8221;center&#8221; force_fullwidth=&#8221;on&#8221; align_tablet=&#8221;center&#8221; align_phone=&#8221;&#8221; align_last_edited=&#8221;on|desktop&#8221; _builder_version=&#8221;4.16&#8243; global_colors_info=&#8221;{}&#8221;][\/et_pb_image][\/et_pb_column][et_pb_column type=&#8221;1_6&#8243; _builder_version=&#8221;4.16&#8243; custom_padding=&#8221;|||&#8221; global_colors_info=&#8221;{}&#8221; custom_padding__hover=&#8221;|||&#8221;][et_pb_image src=&#8221;https:\/\/www.idfuse.fr\/wp-content\/uploads\/2021\/03\/Picto-Support-1.png&#8221; title_text=&#8221;Picto-Support&#8221; align=&#8221;center&#8221; force_fullwidth=&#8221;on&#8221; align_tablet=&#8221;center&#8221; align_phone=&#8221;&#8221; align_last_edited=&#8221;on|desktop&#8221; _builder_version=&#8221;4.16&#8243; global_colors_info=&#8221;{}&#8221;][\/et_pb_image][\/et_pb_column][et_pb_column type=&#8221;1_6&#8243; _builder_version=&#8221;4.16&#8243; custom_padding=&#8221;|||&#8221; global_colors_info=&#8221;{}&#8221; custom_padding__hover=&#8221;|||&#8221;][et_pb_image src=&#8221;https:\/\/www.idfuse.fr\/wp-content\/uploads\/2021\/03\/Picto-82-1.png&#8221; title_text=&#8221;Picto-82%&#8221; align=&#8221;center&#8221; force_fullwidth=&#8221;on&#8221; align_tablet=&#8221;center&#8221; align_phone=&#8221;&#8221; align_last_edited=&#8221;on|desktop&#8221; _builder_version=&#8221;4.16&#8243; global_colors_info=&#8221;{}&#8221;][\/et_pb_image][\/et_pb_column][et_pb_column type=&#8221;1_6&#8243; _builder_version=&#8221;4.16&#8243; custom_padding=&#8221;|||&#8221; global_colors_info=&#8221;{}&#8221; custom_padding__hover=&#8221;|||&#8221;][et_pb_image src=&#8221;https:\/\/www.idfuse.fr\/wp-content\/uploads\/2021\/03\/PICTO-Plus-de-500-1.png&#8221; title_text=&#8221;PICTO-Plus-de-500&#8243; align=&#8221;center&#8221; force_fullwidth=&#8221;on&#8221; align_tablet=&#8221;center&#8221; align_phone=&#8221;&#8221; align_last_edited=&#8221;on|desktop&#8221; _builder_version=&#8221;4.16&#8243; global_colors_info=&#8221;{}&#8221;][\/et_pb_image][\/et_pb_column][et_pb_column type=&#8221;1_6&#8243; _builder_version=&#8221;4.16&#8243; custom_padding=&#8221;|||&#8221; global_colors_info=&#8221;{}&#8221; custom_padding__hover=&#8221;|||&#8221;][et_pb_image src=&#8221;https:\/\/www.idfuse.fr\/wp-content\/uploads\/2021\/03\/1pourcentplanet-copie.png&#8221; title_text=&#8221;1pourcentplanet copie&#8221; align=&#8221;center&#8221; align_tablet=&#8221;center&#8221; align_phone=&#8221;&#8221; align_last_edited=&#8221;on|desktop&#8221; _builder_version=&#8221;4.16&#8243; max_width=&#8221;100%&#8221; module_alignment=&#8221;center&#8221; global_colors_info=&#8221;{}&#8221;][\/et_pb_image][\/et_pb_column][\/et_pb_row][\/et_pb_section][et_pb_section fb_built=&#8221;1&#8243; _builder_version=&#8221;4.9.7&#8243; background_color=&#8221;#3e4749&#8243; custom_padding=&#8221;25px|0px|20px|0px|false|false&#8221; global_module=&#8221;89&#8243; saved_tabs=&#8221;all&#8221; global_colors_info=&#8221;{}&#8221;][et_pb_row column_structure=&#8221;1_4,1_4,1_4,1_4&#8243; _builder_version=&#8221;4.17.3&#8243; background_color=&#8221;#3e4749&#8243; background_size=&#8221;initial&#8221; background_position=&#8221;top_left&#8221; background_repeat=&#8221;repeat&#8221; custom_padding=&#8221;0px||0px|||&#8221; global_colors_info=&#8221;{}&#8221;][et_pb_column type=&#8221;1_4&#8243; _builder_version=&#8221;4.16&#8243; custom_padding=&#8221;|||&#8221; global_colors_info=&#8221;{}&#8221; custom_padding__hover=&#8221;|||&#8221;][et_pb_image src=&#8221;https:\/\/www.idfuse.fr\/wp-content\/uploads\/2021\/04\/idFuse_Logo_seul-blanc_RVB.png&#8221; title_text=&#8221;idFuse_Logo_seul-blanc_RVB&#8221; align_tablet=&#8221;center&#8221; align_phone=&#8221;&#8221; align_last_edited=&#8221;on|desktop&#8221; disabled_on=&#8221;off|off|off&#8221; _builder_version=&#8221;4.16&#8243; max_width=&#8221;69%&#8221; module_alignment=&#8221;left&#8221; custom_margin=&#8221;0px||0px|-7px|false|false&#8221; custom_padding=&#8221;||7px||false|false&#8221; global_colors_info=&#8221;{}&#8221;][\/et_pb_image][et_pb_text module_class=&#8221;txt-footer&#8221; _builder_version=&#8221;4.16&#8243; text_font=&#8221;||||||||&#8221; text_text_color=&#8221;#edeef0&#8243; text_font_size=&#8221;12px&#8221; text_line_height=&#8221;1.2em&#8221; min_height=&#8221;56px&#8221; custom_margin=&#8221;||-9px||false|false&#8221; custom_padding=&#8221;||0px||false|false&#8221; custom_css_main_element=&#8221;color:#e5e7e9;&#8221; global_colors_info=&#8221;{}&#8221;]<\/p>\n<p><span style=\"color: #ffffff;\">5 chemin Meney<\/span><br \/><span style=\"color: #ffffff;\">38100 GRENOBLE<\/span><br \/><span style=\"color: #ffffff;\">FRANCE<strong><\/strong><\/span><\/p>\n<p><span style=\"font-size: large;\"><strong><span style=\"color: #ffffff;\">04 58 47 90 48<\/span><\/strong><\/span><\/p>\n<p><span style=\"color: #ffffff;\"><\/span><\/p>\n<p>[\/et_pb_text][et_pb_social_media_follow url_new_window=&#8221;off&#8221; use_icon_font_size=&#8221;on&#8221; icon_font_size=&#8221;13px&#8221; _builder_version=&#8221;4.16&#8243; border_radii=&#8221;on|15px|15px|15px|15px&#8221; global_colors_info=&#8221;{}&#8221;][et_pb_social_media_follow_network social_network=&#8221;linkedin&#8221; url=&#8221;https:\/\/www.linkedin.com\/company\/9257280\/admin\/&#8221; _builder_version=&#8221;4.16&#8243; background_color=&#8221;#007bb6&#8243; border_radii=&#8221;on|15px|15px|15px|15px&#8221; global_colors_info=&#8221;{}&#8221; follow_button=&#8221;off&#8221; url_new_window=&#8221;off&#8221;]LinkedIn[\/et_pb_social_media_follow_network][et_pb_social_media_follow_network social_network=&#8221;twitter&#8221; url=&#8221;http:\/\/twitter.com\/idfuseFR&#8221; _builder_version=&#8221;4.16&#8243; background_color=&#8221;#00aced&#8221; border_radii=&#8221;on|15px|15px|15px|15px&#8221; global_colors_info=&#8221;{}&#8221; follow_button=&#8221;off&#8221; url_new_window=&#8221;off&#8221;]Twitter[\/et_pb_social_media_follow_network][et_pb_social_media_follow_network social_network=&#8221;youtube&#8221; url=&#8221;https:\/\/www.youtube.com\/channel\/UC_eRL3y6JMofFHsrgJXU06w&#8221; _builder_version=&#8221;4.16&#8243; background_color=&#8221;#a82400&#8243; global_colors_info=&#8221;{}&#8221; follow_button=&#8221;off&#8221; url_new_window=&#8221;off&#8221;]youtube[\/et_pb_social_media_follow_network][\/et_pb_social_media_follow][\/et_pb_column][et_pb_column type=&#8221;1_4&#8243; _builder_version=&#8221;4.16&#8243; custom_padding=&#8221;|||&#8221; global_colors_info=&#8221;{}&#8221; custom_padding__hover=&#8221;|||&#8221;][et_pb_text module_class=&#8221;txt-footer&#8221; _builder_version=&#8221;4.16&#8243; text_font=&#8221;||||||||&#8221; text_font_size=&#8221;12px&#8221; text_line_height=&#8221;1em&#8221; custom_padding=&#8221;5px||||false|false&#8221; custom_css_main_element=&#8221;color:#e5e7e9;&#8221; global_colors_info=&#8221;{}&#8221;]<span style=\"color: #ccced1;\"><a href=\"https:\/\/www.idfuse.fr\/geolocalisation\/\" style=\"color: #ccced1;\">G\u00e9olocalisation<\/a><\/span><br \/>\n<span style=\"color: #ccced1;\"><a href=\"https:\/\/www.idfuse.fr\/ressources\/\" style=\"color: #ccced1;\">Ressources<\/a><\/span><br \/>\n<span style=\"color: #ccced1;\"><a href=\"https:\/\/help.idfuse.fr\/hc\/fr\" style=\"color: #ccced1;\">FAQ<\/a><\/span><br \/>\n<span style=\"color: #ccced1;\"><a href=\"https:\/\/api.idfuse.net\/?version=latest\" style=\"color: #ccced1;\">API<\/a><\/span><br \/>\n<span style=\"color: #ccced1;\"><a href=\"www.idfuse.fr\/mentions-legales\" style=\"color: #ccced1;\">Mentions l\u00e9gales<\/a><\/span><br \/>\n<span style=\"color: #ccced1;\"><a href=\"www.idfuse.fr\/cgv\" style=\"color: #ccced1;\">CGV<\/a><\/span><br \/>\n<span style=\"color: #ccced1;\"><a href=\"https:\/\/www.idfuse.fr\/politique-de-confidentialite\/\" style=\"color: #ccced1;\">Politique de confidentialit\u00e9<\/a><\/span><span style=\"color: #ccced1;\"><a href=\"https:\/\/www.idfuse.fr\/ressources\/\" style=\"color: #ccced1;\"><\/a><\/span>[\/et_pb_text][\/et_pb_column][et_pb_column type=&#8221;1_4&#8243; _builder_version=&#8221;4.16&#8243; custom_padding=&#8221;|||&#8221; global_colors_info=&#8221;{}&#8221; custom_padding__hover=&#8221;|||&#8221;][et_pb_text module_class=&#8221;txt-footer&#8221; _builder_version=&#8221;4.16&#8243; text_font=&#8221;||||||||&#8221; text_font_size=&#8221;12px&#8221; text_line_height=&#8221;1em&#8221; header_font=&#8221;||||||||&#8221; header_font_size=&#8221;28px&#8221; custom_padding=&#8221;5px||||false|false&#8221; custom_css_main_element=&#8221;color:#e5e7e9;&#8221; global_colors_info=&#8221;{}&#8221;]<\/p>\n<p><a style=\"color: #ffffff;\"><strong>\u00c0 propos<\/strong><span style=\"color: #ccced1;\"><\/span><\/a><br \/><a href=\"www.idfuse.fr\/qui-sommes-nous\"><span style=\"color: #ccced1;\">Qui sommes-nous ?<\/span><\/a><br \/><span style=\"color: #ccced1;\"><a href=\"https:\/\/www.idfuse.fr\/nos-engagements\/\" style=\"color: #ccced1;\">Nos engagements<\/a><\/span><br \/><span style=\"color: #ccced1;\"><a href=\"www.idfuse.fr\/contact\" style=\"color: #ccced1;\">Contact<\/a><\/span><br \/><span style=\"color: #ccced1;\"><a href=\"www.idfuse.fr\/emploi\" style=\"color: #ccced1;\">Emploi<\/a><\/span><br \/><span style=\"color: #ccced1;\"><a href=\"www.idfuse.fr\/devenir-revendeur\" style=\"color: #ccced1;\">Devenir revendeur<\/a><\/span><\/p>\n<p>[\/et_pb_text][\/et_pb_column][et_pb_column type=&#8221;1_4&#8243; _builder_version=&#8221;4.16&#8243; _module_preset=&#8221;default&#8221; global_colors_info=&#8221;{}&#8221;][et_pb_text module_class=&#8221;txt-footer&#8221; _builder_version=&#8221;4.16&#8243; text_font=&#8221;||||||||&#8221; text_font_size=&#8221;12px&#8221; text_line_height=&#8221;1em&#8221; header_font=&#8221;||||||||&#8221; header_font_size=&#8221;28px&#8221; custom_margin=&#8221;||0px||false|false&#8221; custom_padding=&#8221;5px||||false|false&#8221; custom_css_main_element=&#8221;color:#e5e7e9;&#8221; global_colors_info=&#8221;{}&#8221;]<\/p>\n<p><a style=\"color: #ffffff;\"><strong>Nos secteurs d&#8217;expertises<\/strong><span style=\"color: #ccced1;\"><\/span><\/a><br \/><a href=\"&quot;https:\/\/www.idfuse.fr\/secteur-agro-alimentaire\/\"><span style=\"color: #ccced1;\">Secteur agro-alimentaire<\/span><\/a><br \/><a href=\"&quot;https:\/\/www.idfuse.fr\/secteur-automobile\/\"><span style=\"color: #ccced1;\">Secteur automobile<\/span><\/a><br \/><a href=\"https:\/\/www.idfuse.fr\/secteur-immobilier\/\"><span style=\"color: #ccced1;\">Secteur immobilier<\/span><\/a><br \/><a href=\"www.idfuse.fr\/secteur-industrie\/\"><span style=\"color: #ccced1;\">Secteur industrie<\/span><\/a><\/p>\n<p>[\/et_pb_text][et_pb_button button_url=&#8221;https:\/\/www.idfuse.fr\/inscription-newsletter\/&#8221; button_text=&#8221;S&#8217;inscrire \u00e0 la newsletter&#8221; admin_label=&#8221;Bouton&#8221; _builder_version=&#8221;4.16&#8243; _module_preset=&#8221;default&#8221; custom_button=&#8221;on&#8221; button_text_size=&#8221;11px&#8221; custom_margin=&#8221;15px||0px||false|false&#8221; global_colors_info=&#8221;{}&#8221;][\/et_pb_button][\/et_pb_column][\/et_pb_row][\/et_pb_section]<\/p>\n","protected":false},"excerpt":{"rendered":"<p>L&#8217;\u00e9quipe idFuse vous contactera prochainementpour convenir d&#8217;un rendez-vous pour une d\u00e9mo gratuite 5 chemin Meney38100 GRENOBLEFRANCE 04 58 47 90 48 G\u00e9olocalisation Ressources FAQ API Mentions l\u00e9gales CGV Politique de confidentialit\u00e9\u00c0 proposQui sommes-nous ?Nos engagementsContactEmploiDevenir revendeurNos secteurs d&#8217;expertisesSecteur agro-alimentaireSecteur automobileSecteur immobilierSecteur industrie<\/p>\n","protected":false},"author":1,"featured_media":0,"parent":0,"menu_order":0,"comment_status":"closed","ping_status":"closed","template":"","meta":{"_et_pb_use_builder":"on","_et_pb_old_content":"","_et_gb_content_width":"","footnotes":""},"class_list":["post-11617","page","type-page","status-publish","hentry"],"_links":{"self":[{"href":"https:\/\/www.idfuse.fr\/en\/wp-json\/wp\/v2\/pages\/11617","targetHints":{"allow":["GET"]}}],"collection":[{"href":"https:\/\/www.idfuse.fr\/en\/wp-json\/wp\/v2\/pages"}],"about":[{"href":"https:\/\/www.idfuse.fr\/en\/wp-json\/wp\/v2\/types\/page"}],"author":[{"embeddable":true,"href":"https:\/\/www.idfuse.fr\/en\/wp-json\/wp\/v2\/users\/1"}],"replies":[{"embeddable":true,"href":"https:\/\/www.idfuse.fr\/en\/wp-json\/wp\/v2\/comments?post=11617"}],"version-history":[{"count":4,"href":"https:\/\/www.idfuse.fr\/en\/wp-json\/wp\/v2\/pages\/11617\/revisions"}],"predecessor-version":[{"id":11632,"href":"https:\/\/www.idfuse.fr\/en\/wp-json\/wp\/v2\/pages\/11617\/revisions\/11632"}],"wp:attachment":[{"href":"https:\/\/www.idfuse.fr\/en\/wp-json\/wp\/v2\/media?parent=11617"}],"curies":[{"name":"wp","href":"https:\/\/api.w.org\/{rel}","templated":true}]}}