{"id":11267,"date":"2022-03-15T09:15:50","date_gmt":"2022-03-15T08:15:50","guid":{"rendered":"https:\/\/www.idfuse.fr\/?page_id=11267"},"modified":"2022-03-15T09:19:48","modified_gmt":"2022-03-15T08:19:48","slug":"webdesigner","status":"publish","type":"page","link":"https:\/\/www.idfuse.fr\/en\/webdesigner\/","title":{"rendered":"Webdesigner"},"content":{"rendered":"\n\n[et_pb_section fb_built=&#8221;1&#8243; _builder_version=&#8221;3.22&#8243; background_color=&#8221;rgba(237,238,240,0)&#8221; custom_padding=&#8221;54px|0px|0|0px|false|false&#8221; global_colors_info=&#8221;{}&#8221; theme_builder_area=&#8221;post_content&#8221;][et_pb_row _builder_version=&#8221;3.25&#8243; custom_padding=&#8221;1px|0px|9px|0px|false|false&#8221; global_colors_info=&#8221;{}&#8221; theme_builder_area=&#8221;post_content&#8221;][et_pb_column type=&#8221;4_4&#8243; _builder_version=&#8221;3.25&#8243; custom_padding=&#8221;|||&#8221; global_colors_info=&#8221;{}&#8221; custom_padding__hover=&#8221;|||&#8221; theme_builder_area=&#8221;post_content&#8221;][et_pb_text _builder_version=&#8221;4.14.9&#8243; _module_preset=&#8221;default&#8221; hover_enabled=&#8221;0&#8243; global_colors_info=&#8221;{}&#8221; theme_builder_area=&#8221;post_content&#8221; sticky_enabled=&#8221;0&#8243;]<h1 style=\"text-align: center;\">Webdesigner<\/h1>[\/et_pb_text][et_pb_image src=&#8221;https:\/\/www.idfuse.fr\/wp-content\/uploads\/2022\/03\/20220307_Webdesigner.jpg&#8221; align=&#8221;center&#8221; align_tablet=&#8221;center&#8221; align_phone=&#8221;&#8221; align_last_edited=&#8221;on|desktop&#8221; _builder_version=&#8221;4.14.9&#8243; max_width=&#8221;60%&#8221; hover_enabled=&#8221;0&#8243; global_colors_info=&#8221;{}&#8221; theme_builder_area=&#8221;post_content&#8221; title_text=&#8221;20220307_Webdesigner&#8221; sticky_enabled=&#8221;0&#8243;][\/et_pb_image][\/et_pb_column][\/et_pb_row][et_pb_row _builder_version=&#8221;4.9.4&#8243; _module_preset=&#8221;default&#8221; global_colors_info=&#8221;{}&#8221; theme_builder_area=&#8221;post_content&#8221;][et_pb_column type=&#8221;4_4&#8243; _builder_version=&#8221;4.9.4&#8243; _module_preset=&#8221;default&#8221; global_colors_info=&#8221;{}&#8221; theme_builder_area=&#8221;post_content&#8221;][et_pb_text _builder_version=&#8221;4.9.4&#8243; _module_preset=&#8221;default&#8221; global_colors_info=&#8221;{}&#8221; theme_builder_area=&#8221;post_content&#8221;]<p>Entreprise locale et responsable situ\u00e9e \u00e0 Grenoble, idFuse accompagne ses clients depuis 2006 dans la gestion et l\u2019optimisation de leurs relations clients\/prospects. Simple, intuitive et ergonomique, sa plateforme de gestion de donn\u00e9es lanc\u00e9e en 2017 bouscule les lignes de l\u2019email marketing et du routage professionnel. Elle compte d\u00e9j\u00e0 plus de 500 utilisateurs et un taux de renouvellement de 82%.<\/p>\n<p>Pour illustrer et vivre concr\u00e8tement ses valeurs de bienveillance, d\u2019entraide, de bien-\u00eatre au travail et d\u2019entreprise responsable, idFuse participe notamment \u00e0 l\u2019engagement \u00ab\u00a01% pour la Plan\u00e8te\u00a0\u00bb (1% de son chiffre d\u2019affaires est revers\u00e9 \u00e0 des associations environnementales) et soutient l\u2019association\u00a0Mountain Wilderness\u00a0qui prot\u00e8ge les montagnes \u00e0 l\u2019\u00e9chelle internationale.<\/p>\n<p>Vous souhaitez donner du sens \u00e0 votre travail en adh\u00e9rant \u00e0 une culture d\u2019entreprise bas\u00e9e sur des valeurs humaines et \u00e9thiques fortes ?<\/p>\n<p>Int\u00e9gr\u00e9(e) \u00e0 une \u00e9quipe dynamique, vous intervenez de mani\u00e8re autonome et en collaboration avec les autres services \u00e0 la conception et au d\u00e9veloppement de nos interfaces web.<\/p>\n<p><strong>Vos missions principales :<\/strong><br \/>&#8211; Cr\u00e9ation graphique pour l\u2019emailing,<br \/>&#8211; R\u00e9alisation de visuels pour les r\u00e9seaux sociaux \/ site internet \/ blog \/ \u00e9v\u00e9nementiel\u2026<br \/>&#8211; Int\u00e9gration des maquettes et html adapt\u00e9s pour l\u2019emailing,<br \/>&#8211; Accompagnement et conseil aux clients.<\/p>\n<p>&nbsp;<\/p>\n<p>Vous avez\u00a0<strong>3 ans ou plus d\u2019exp\u00e9rience<\/strong> sur un poste similaire et vous maitrisez la <strong>suite Adobe<\/strong> et \u00eates \u00e0 l\u2019aise avec le <strong>HTML<\/strong>.<br \/>Vous \u00eates reconnu(e) pour votre initiative et vous \u00eates force de proposition. Aussi, vous savez \u00eatre autonome dans votre mission et g\u00e9rer le priorit\u00e9s\/d\u00e9lais.<\/p>\n<p>&nbsp;<\/p>\n<p>&nbsp;<\/p>\n<p>Poss\u00e9dant une exp\u00e9rience d\u2019au moins 3 ans en graphisme\/webdesign, vous recherchez un poste dans une start-up en pleine croissance,<br \/>&#8211; Vous \u00eates cr\u00e9atif et curieux mais aussi rigoureux et organis\u00e9,<br \/>&#8211; Vous \u00eates proactif et force de proposition,<br \/>&#8211; Vous avez une aisance naturelle \u00e0 communiquer avec tout type d\u2019interlocuteurs (clients, coll\u00e8gues \u2026),<br \/>&#8211; Vous aimez le travail d\u2019\u00e9quipe et l\u2019\u00e9change avec les diff\u00e9rents collaborateurs (autres cr\u00e9atifs \/ marketing \/ chefs de projets \/ d\u00e9veloppeurs).<\/p>\n<p>N\u2019h\u00e9sitez pas\u00a0: envoyez tout de suite CV et lettre de motivation !<\/p>\n<p>Type de contrat :\u00a0<strong>Dur\u00e9e ind\u00e9termin\u00e9e (CDI)<\/strong><br \/>Lieu :\u00a0<strong>Grenoble, Rh\u00f4ne-Alpes<\/strong><br \/>Exp\u00e9rience de<strong>\u00a03 ans ou plus\u00a0<\/strong>dans\u00a0un poste similaire<\/p>\n<p>Contact :\u00a0<strong>St\u00e9phane Glasson \u2013\u00a0<a href=\"mailto:emploi@idnova.fr\">emploi@idnova.fr<\/a><\/strong><strong><a href=\"mailto:emploi@idnova.fr\"><\/a><\/strong><\/p>[\/et_pb_text][\/et_pb_column][\/et_pb_row][et_pb_row _builder_version=&#8221;4.14.1&#8243; custom_padding=&#8221;0px|0px|60px|0px|false|false&#8221; global_colors_info=&#8221;{}&#8221; theme_builder_area=&#8221;post_content&#8221;][et_pb_column type=&#8221;4_4&#8243; _builder_version=&#8221;3.25&#8243; custom_padding=&#8221;|||&#8221; global_colors_info=&#8221;{}&#8221; custom_padding__hover=&#8221;|||&#8221; theme_builder_area=&#8221;post_content&#8221;][et_pb_button button_url=&#8221;mailto:emploi@idnova.fr&#8221; url_new_window=&#8221;on&#8221; button_text=&#8221;Postuler&#8221; button_alignment=&#8221;center&#8221; _builder_version=&#8221;3.19.18&#8243; custom_button=&#8221;on&#8221; button_text_color=&#8221;#ffffff&#8221; button_bg_color=&#8221;#2f4d73&#8243; button_border_color=&#8221;#4dbcca&#8221; button_font=&#8221;||||||||&#8221; button_use_icon=&#8221;off&#8221; global_colors_info=&#8221;{}&#8221; button_bg_color__hover_enabled=&#8221;on&#8221; button_bg_color__hover=&#8221;#4dbcca&#8221; theme_builder_area=&#8221;post_content&#8221;][\/et_pb_button][\/et_pb_column][\/et_pb_row][\/et_pb_section][et_pb_section fb_built=&#8221;1&#8243; _builder_version=&#8221;3.22&#8243; custom_padding=&#8221;14px|0px|18px|0px|false|false&#8221; global_module=&#8221;2713&#8243; saved_tabs=&#8221;all&#8221; global_colors_info=&#8221;{}&#8221; theme_builder_area=&#8221;post_content&#8221;][et_pb_row column_structure=&#8221;1_6,1_6,1_6,1_6,1_6,1_6&#8243; _builder_version=&#8221;3.25&#8243; custom_padding=&#8221;0|0px|0|0px|false|false&#8221; link_option_url=&#8221;https:\/\/www.idfuse.fr\/nos-engagements\/&#8221; global_colors_info=&#8221;{}&#8221; theme_builder_area=&#8221;post_content&#8221;][et_pb_column type=&#8221;1_6&#8243; _builder_version=&#8221;3.25&#8243; custom_padding=&#8221;|||&#8221; global_colors_info=&#8221;{}&#8221; custom_padding__hover=&#8221;|||&#8221; theme_builder_area=&#8221;post_content&#8221;][et_pb_image src=&#8221;https:\/\/www.idfuse.fr\/wp-content\/uploads\/2021\/03\/Picto-100-francais-1.png&#8221; title_text=&#8221;Picto-100%-francais&#8221; align=&#8221;center&#8221; force_fullwidth=&#8221;on&#8221; align_tablet=&#8221;center&#8221; align_phone=&#8221;&#8221; align_last_edited=&#8221;on|desktop&#8221; _builder_version=&#8221;4.9.2&#8243; global_colors_info=&#8221;{}&#8221; theme_builder_area=&#8221;post_content&#8221;][\/et_pb_image][\/et_pb_column][et_pb_column type=&#8221;1_6&#8243; _builder_version=&#8221;3.25&#8243; custom_padding=&#8221;|||&#8221; global_colors_info=&#8221;{}&#8221; custom_padding__hover=&#8221;|||&#8221; theme_builder_area=&#8221;post_content&#8221;][et_pb_image src=&#8221;https:\/\/www.idfuse.fr\/wp-content\/uploads\/2021\/03\/Picto-Plus-de-18ans-1.png&#8221; title_text=&#8221;Picto-Plus-de-18ans&#8221; align=&#8221;center&#8221; force_fullwidth=&#8221;on&#8221; align_tablet=&#8221;center&#8221; align_phone=&#8221;&#8221; align_last_edited=&#8221;on|desktop&#8221; _builder_version=&#8221;4.9.2&#8243; global_colors_info=&#8221;{}&#8221; theme_builder_area=&#8221;post_content&#8221;][\/et_pb_image][\/et_pb_column][et_pb_column type=&#8221;1_6&#8243; _builder_version=&#8221;3.25&#8243; custom_padding=&#8221;|||&#8221; global_colors_info=&#8221;{}&#8221; custom_padding__hover=&#8221;|||&#8221; theme_builder_area=&#8221;post_content&#8221;][et_pb_image src=&#8221;https:\/\/www.idfuse.fr\/wp-content\/uploads\/2021\/03\/Picto-Support-1.png&#8221; title_text=&#8221;Picto-Support&#8221; align=&#8221;center&#8221; force_fullwidth=&#8221;on&#8221; align_tablet=&#8221;center&#8221; align_phone=&#8221;&#8221; align_last_edited=&#8221;on|desktop&#8221; _builder_version=&#8221;4.9.2&#8243; global_colors_info=&#8221;{}&#8221; theme_builder_area=&#8221;post_content&#8221;][\/et_pb_image][\/et_pb_column][et_pb_column type=&#8221;1_6&#8243; _builder_version=&#8221;3.25&#8243; custom_padding=&#8221;|||&#8221; global_colors_info=&#8221;{}&#8221; custom_padding__hover=&#8221;|||&#8221; theme_builder_area=&#8221;post_content&#8221;][et_pb_image src=&#8221;https:\/\/www.idfuse.fr\/wp-content\/uploads\/2021\/03\/Picto-82-1.png&#8221; title_text=&#8221;Picto-82%&#8221; align=&#8221;center&#8221; force_fullwidth=&#8221;on&#8221; align_tablet=&#8221;center&#8221; align_phone=&#8221;&#8221; align_last_edited=&#8221;on|desktop&#8221; _builder_version=&#8221;4.9.2&#8243; global_colors_info=&#8221;{}&#8221; theme_builder_area=&#8221;post_content&#8221;][\/et_pb_image][\/et_pb_column][et_pb_column type=&#8221;1_6&#8243; _builder_version=&#8221;3.25&#8243; custom_padding=&#8221;|||&#8221; global_colors_info=&#8221;{}&#8221; custom_padding__hover=&#8221;|||&#8221; theme_builder_area=&#8221;post_content&#8221;][et_pb_image src=&#8221;https:\/\/www.idfuse.fr\/wp-content\/uploads\/2021\/03\/PICTO-Plus-de-500-1.png&#8221; title_text=&#8221;PICTO-Plus-de-500&#8243; align=&#8221;center&#8221; force_fullwidth=&#8221;on&#8221; align_tablet=&#8221;center&#8221; align_phone=&#8221;&#8221; align_last_edited=&#8221;on|desktop&#8221; _builder_version=&#8221;4.9.2&#8243; global_colors_info=&#8221;{}&#8221; theme_builder_area=&#8221;post_content&#8221;][\/et_pb_image][\/et_pb_column][et_pb_column type=&#8221;1_6&#8243; _builder_version=&#8221;3.25&#8243; custom_padding=&#8221;|||&#8221; global_colors_info=&#8221;{}&#8221; custom_padding__hover=&#8221;|||&#8221; theme_builder_area=&#8221;post_content&#8221;][et_pb_image src=&#8221;https:\/\/www.idfuse.fr\/wp-content\/uploads\/2021\/03\/1pourcentplanet-copie.png&#8221; title_text=&#8221;1pourcentplanet copie&#8221; align=&#8221;center&#8221; align_tablet=&#8221;center&#8221; align_phone=&#8221;&#8221; align_last_edited=&#8221;on|desktop&#8221; _builder_version=&#8221;4.9.2&#8243; max_width=&#8221;100%&#8221; module_alignment=&#8221;center&#8221; global_colors_info=&#8221;{}&#8221; theme_builder_area=&#8221;post_content&#8221;][\/et_pb_image][\/et_pb_column][\/et_pb_row][\/et_pb_section][et_pb_section fb_built=&#8221;1&#8243; _builder_version=&#8221;4.9.7&#8243; background_color=&#8221;#3e4749&#8243; custom_padding=&#8221;25px|0px|20px|0px|false|false&#8221; global_module=&#8221;89&#8243; saved_tabs=&#8221;all&#8221; global_colors_info=&#8221;{}&#8221; theme_builder_area=&#8221;post_content&#8221;][et_pb_row column_structure=&#8221;1_4,1_4,1_4,1_4&#8243; _builder_version=&#8221;3.25&#8243; background_color=&#8221;#3e4749&#8243; background_size=&#8221;initial&#8221; background_position=&#8221;top_left&#8221; background_repeat=&#8221;repeat&#8221; custom_padding=&#8221;0px||0px|||&#8221; global_colors_info=&#8221;{}&#8221; theme_builder_area=&#8221;post_content&#8221;][et_pb_column type=&#8221;1_4&#8243; _builder_version=&#8221;3.25&#8243; custom_padding=&#8221;|||&#8221; global_colors_info=&#8221;{}&#8221; custom_padding__hover=&#8221;|||&#8221; theme_builder_area=&#8221;post_content&#8221;][et_pb_image src=&#8221;https:\/\/www.idfuse.fr\/wp-content\/uploads\/2021\/04\/idFuse_Logo_seul-blanc_RVB.png&#8221; title_text=&#8221;idFuse_Logo_seul-blanc_RVB&#8221; align_tablet=&#8221;center&#8221; align_phone=&#8221;&#8221; align_last_edited=&#8221;on|desktop&#8221; disabled_on=&#8221;off|off|off&#8221; _builder_version=&#8221;4.9.7&#8243; max_width=&#8221;69%&#8221; module_alignment=&#8221;left&#8221; custom_margin=&#8221;0px||0px|-7px|false|false&#8221; custom_padding=&#8221;||7px||false|false&#8221; global_colors_info=&#8221;{}&#8221; theme_builder_area=&#8221;post_content&#8221;][\/et_pb_image][et_pb_text module_class=&#8221;txt-footer&#8221; _builder_version=&#8221;4.9.7&#8243; text_font=&#8221;||||||||&#8221; text_text_color=&#8221;#edeef0&#8243; text_font_size=&#8221;12px&#8221; text_line_height=&#8221;1.2em&#8221; min_height=&#8221;56px&#8221; custom_margin=&#8221;||-9px||false|false&#8221; custom_padding=&#8221;||0px||false|false&#8221; custom_css_main_element=&#8221;color:#e5e7e9;&#8221; global_colors_info=&#8221;{}&#8221; theme_builder_area=&#8221;post_content&#8221;]<p><span style=\"color: #ffffff;\">5 chemin Meney<\/span><br \/><span style=\"color: #ffffff;\">38100 GRENOBLE<\/span><br \/><span style=\"color: #ffffff;\">FRANCE<strong><\/strong><\/span><\/p>\n<p><span style=\"font-size: large;\"><strong><span style=\"color: #ffffff;\">04 58 47 90 48<\/span><\/strong><\/span><\/p>\n<p><span style=\"color: #ffffff;\"><\/span><\/p>[\/et_pb_text][et_pb_social_media_follow url_new_window=&#8221;off&#8221; use_icon_font_size=&#8221;on&#8221; icon_font_size=&#8221;13px&#8221; _builder_version=&#8221;4.9.3&#8243; border_radii=&#8221;on|15px|15px|15px|15px&#8221; global_colors_info=&#8221;{}&#8221; theme_builder_area=&#8221;post_content&#8221;][et_pb_social_media_follow_network social_network=&#8221;linkedin&#8221; url=&#8221;https:\/\/www.linkedin.com\/company\/9257280\/admin\/&#8221; _builder_version=&#8221;4.9.3&#8243; background_color=&#8221;#007bb6&#8243; border_radii=&#8221;on|15px|15px|15px|15px&#8221; global_colors_info=&#8221;{}&#8221; theme_builder_area=&#8221;post_content&#8221; follow_button=&#8221;off&#8221; url_new_window=&#8221;off&#8221;]LinkedIn[\/et_pb_social_media_follow_network][et_pb_social_media_follow_network social_network=&#8221;twitter&#8221; url=&#8221;http:\/\/twitter.com\/idfuseFR&#8221; _builder_version=&#8221;3.19.18&#8243; background_color=&#8221;#00aced&#8221; border_radii=&#8221;on|15px|15px|15px|15px&#8221; global_colors_info=&#8221;{}&#8221; theme_builder_area=&#8221;post_content&#8221; follow_button=&#8221;off&#8221; url_new_window=&#8221;off&#8221;]Twitter[\/et_pb_social_media_follow_network][et_pb_social_media_follow_network social_network=&#8221;youtube&#8221; url=&#8221;https:\/\/www.youtube.com\/channel\/UC_eRL3y6JMofFHsrgJXU06w&#8221; _builder_version=&#8221;3.19.18&#8243; background_color=&#8221;#a82400&#8243; global_colors_info=&#8221;{}&#8221; theme_builder_area=&#8221;post_content&#8221; follow_button=&#8221;off&#8221; url_new_window=&#8221;off&#8221;]youtube[\/et_pb_social_media_follow_network][\/et_pb_social_media_follow][\/et_pb_column][et_pb_column type=&#8221;1_4&#8243; _builder_version=&#8221;3.25&#8243; custom_padding=&#8221;|||&#8221; global_colors_info=&#8221;{}&#8221; custom_padding__hover=&#8221;|||&#8221; theme_builder_area=&#8221;post_content&#8221;][et_pb_text module_class=&#8221;txt-footer&#8221; _builder_version=&#8221;4.10.4&#8243; text_font=&#8221;||||||||&#8221; text_font_size=&#8221;12px&#8221; text_line_height=&#8221;1em&#8221; custom_padding=&#8221;5px||||false|false&#8221; custom_css_main_element=&#8221;color:#e5e7e9;&#8221; global_colors_info=&#8221;{}&#8221; theme_builder_area=&#8221;post_content&#8221;]<p><span style=\"color: #ccced1;\"><a href=\"https:\/\/www.idfuse.fr\/ressources\/\" style=\"color: #ccced1;\">Ressources<\/a><\/span><br \/><span style=\"color: #ccced1;\"><a href=\"https:\/\/help.idfuse.fr\/hc\/fr\" style=\"color: #ccced1;\">FAQ<\/a><\/span><br \/><span style=\"color: #ccced1;\"><a href=\"https:\/\/api.idfuse.net\/?version=latest\" style=\"color: #ccced1;\">API<\/a><\/span><br \/><span style=\"color: #ccced1;\"><a href=\"www.idfuse.fr\/mentions-legales\" style=\"color: #ccced1;\">Mentions l\u00e9gales<\/a><\/span><br \/><span style=\"color: #ccced1;\"><a href=\"www.idfuse.fr\/cgv\" style=\"color: #ccced1;\">CGV<\/a><\/span><br \/><span style=\"color: #ccced1;\"><a href=\"https:\/\/www.idfuse.fr\/politique-de-confidentialite\/\" style=\"color: #ccced1;\">Politique de confidentialit\u00e9<\/a><\/span><span style=\"color: #ccced1;\"><a href=\"https:\/\/www.idfuse.fr\/ressources\/\" style=\"color: #ccced1;\"><\/a><\/span><\/p>[\/et_pb_text][\/et_pb_column][et_pb_column type=&#8221;1_4&#8243; _builder_version=&#8221;3.25&#8243; custom_padding=&#8221;|||&#8221; global_colors_info=&#8221;{}&#8221; custom_padding__hover=&#8221;|||&#8221; theme_builder_area=&#8221;post_content&#8221;][et_pb_text module_class=&#8221;txt-footer&#8221; _builder_version=&#8221;4.10.4&#8243; text_font=&#8221;||||||||&#8221; text_font_size=&#8221;12px&#8221; text_line_height=&#8221;1em&#8221; header_font=&#8221;||||||||&#8221; header_font_size=&#8221;28px&#8221; custom_padding=&#8221;5px||||false|false&#8221; custom_css_main_element=&#8221;color:#e5e7e9;&#8221; global_colors_info=&#8221;{}&#8221; theme_builder_area=&#8221;post_content&#8221;]<p><a style=\"color: #ffffff;\"><strong>\u00c0 propos<\/strong><span style=\"color: #ccced1;\"><\/span><\/a><br \/><a href=\"www.idfuse.fr\/qui-sommes-nous\"><span style=\"color: #ccced1;\">Qui sommes-nous ?<\/span><\/a><br \/><span style=\"color: #ccced1;\"><a href=\"https:\/\/www.idfuse.fr\/nos-engagements\/\" style=\"color: #ccced1;\">Nos engagements<\/a><\/span><br \/><span style=\"color: #ccced1;\"><a href=\"www.idfuse.fr\/contact\" style=\"color: #ccced1;\">Contact<\/a><\/span><br \/><span style=\"color: #ccced1;\"><a href=\"www.idfuse.fr\/emploi\" style=\"color: #ccced1;\">Emploi<\/a><\/span><br \/><span style=\"color: #ccced1;\"><a href=\"www.idfuse.fr\/devenir-revendeur\" style=\"color: #ccced1;\">Devenir revendeur<\/a><\/span><\/p>[\/et_pb_text][\/et_pb_column][et_pb_column type=&#8221;1_4&#8243; _builder_version=&#8221;4.9.2&#8243; _module_preset=&#8221;default&#8221; global_colors_info=&#8221;{}&#8221; theme_builder_area=&#8221;post_content&#8221;][et_pb_text module_class=&#8221;txt-footer&#8221; _builder_version=&#8221;4.10.4&#8243; text_font=&#8221;||||||||&#8221; text_font_size=&#8221;12px&#8221; text_line_height=&#8221;1em&#8221; header_font=&#8221;||||||||&#8221; header_font_size=&#8221;28px&#8221; custom_margin=&#8221;||0px||false|false&#8221; custom_padding=&#8221;5px||||false|false&#8221; custom_css_main_element=&#8221;color:#e5e7e9;&#8221; global_colors_info=&#8221;{}&#8221; theme_builder_area=&#8221;post_content&#8221;]<p><a style=\"color: #ffffff;\"><strong>Nos secteurs d&#8217;expertises<\/strong><span style=\"color: #ccced1;\"><\/span><\/a><br \/><a href=\"&quot;https:\/\/www.idfuse.fr\/secteur-agro-alimentaire\/\"><span style=\"color: #ccced1;\">Secteur agro-alimentaire<\/span><\/a><br \/><a href=\"&quot;https:\/\/www.idfuse.fr\/secteur-automobile\/\"><span style=\"color: #ccced1;\">Secteur automobile<\/span><\/a><br \/><a href=\"https:\/\/www.idfuse.fr\/secteur-immobilier\/\"><span style=\"color: #ccced1;\">Secteur immobilier<\/span><\/a><br \/><a href=\"www.idfuse.fr\/secteur-industrie\/\"><span style=\"color: #ccced1;\">Secteur industrie<\/span><\/a><\/p>[\/et_pb_text][et_pb_button button_url=&#8221;https:\/\/www.idfuse.fr\/inscription-newsletter\/&#8221; button_text=&#8221;S&#8217;inscrire \u00e0 la newsletter&#8221; admin_label=&#8221;Bouton&#8221; _builder_version=&#8221;4.10.7&#8243; _module_preset=&#8221;default&#8221; custom_button=&#8221;on&#8221; button_text_size=&#8221;11px&#8221; custom_margin=&#8221;15px||0px||false|false&#8221; global_colors_info=&#8221;{}&#8221; theme_builder_area=&#8221;post_content&#8221;][\/et_pb_button][\/et_pb_column][\/et_pb_row][\/et_pb_section]\n\n","protected":false},"excerpt":{"rendered":"<p>WebdesignerEntreprise locale et responsable situ\u00e9e \u00e0 Grenoble, idFuse accompagne ses clients depuis 2006 dans la gestion et l\u2019optimisation de leurs relations clients\/prospects. Simple, intuitive et ergonomique, sa plateforme de gestion de donn\u00e9es lanc\u00e9e en 2017 bouscule les lignes de l\u2019email marketing et du routage professionnel. Elle compte d\u00e9j\u00e0 plus de 500 utilisateurs et un taux [&hellip;]<\/p>\n","protected":false},"author":1,"featured_media":0,"parent":0,"menu_order":0,"comment_status":"closed","ping_status":"closed","template":"","meta":{"_et_pb_use_builder":"on","_et_pb_old_content":"","_et_gb_content_width":"","footnotes":""},"class_list":["post-11267","page","type-page","status-publish","hentry"],"_links":{"self":[{"href":"https:\/\/www.idfuse.fr\/en\/wp-json\/wp\/v2\/pages\/11267","targetHints":{"allow":["GET"]}}],"collection":[{"href":"https:\/\/www.idfuse.fr\/en\/wp-json\/wp\/v2\/pages"}],"about":[{"href":"https:\/\/www.idfuse.fr\/en\/wp-json\/wp\/v2\/types\/page"}],"author":[{"embeddable":true,"href":"https:\/\/www.idfuse.fr\/en\/wp-json\/wp\/v2\/users\/1"}],"replies":[{"embeddable":true,"href":"https:\/\/www.idfuse.fr\/en\/wp-json\/wp\/v2\/comments?post=11267"}],"version-history":[{"count":3,"href":"https:\/\/www.idfuse.fr\/en\/wp-json\/wp\/v2\/pages\/11267\/revisions"}],"predecessor-version":[{"id":11271,"href":"https:\/\/www.idfuse.fr\/en\/wp-json\/wp\/v2\/pages\/11267\/revisions\/11271"}],"wp:attachment":[{"href":"https:\/\/www.idfuse.fr\/en\/wp-json\/wp\/v2\/media?parent=11267"}],"curies":[{"name":"wp","href":"https:\/\/api.w.org\/{rel}","templated":true}]}}